{"id":132,"date":"2022-05-24T23:07:43","date_gmt":"2022-05-25T02:07:43","guid":{"rendered":"http:\/\/w3.estremar.com\/?page_id=132"},"modified":"2024-08-26T17:10:44","modified_gmt":"2024-08-26T20:10:44","slug":"productos","status":"publish","type":"page","link":"https:\/\/www.estremar.com\/index.php\/productos\/","title":{"rendered":"Productos"},"content":{"rendered":"<p>[vc_row full_width=&#8221;stretch_row_content&#8221; parallax=&#8221;content-moving&#8221; parallax_image=&#8221;135&#8243; css=&#8221;.vc_custom_1653445142462{margin-top: -1% !important;}&#8221;][vc_column width=&#8221;1\/6&#8243;][\/vc_column][vc_column width=&#8221;2\/3&#8243; css=&#8221;.vc_custom_1653424495637{padding-bottom: 15% !important;}&#8221;][vc_empty_space height=&#8221;210px&#8221;][vc_custom_heading text=&#8221;Productos&#8221; font_container=&#8221;tag:h2|font_size:34|text_align:center|color:%23ffffff&#8221; google_fonts=&#8221;font_family:Didact%20Gothic%3Aregular|font_style:400%20regular%3A400%3Anormal&#8221;][vc_custom_heading text=&#8221;Todos los d\u00edas en los mares de la Patagonia, pescamos una gran variedad de productos de alta calidad.&#8221; font_container=&#8221;tag:h2|font_size:20|text_align:center|color:%23ffffff&#8221; google_fonts=&#8221;font_family:Didact%20Gothic%3Aregular|font_style:400%20regular%3A400%3Anormal&#8221;][\/vc_column][vc_column width=&#8221;1\/6&#8243;][\/vc_column][\/vc_row][vc_row full_width=&#8221;stretch_row_content&#8221; disable_element=&#8221;yes&#8221; css=&#8221;.vc_custom_1724606258284{padding-top: 3% !important;padding-bottom: 3% !important;}&#8221; el_id=&#8221;mercados&#8221;][vc_column width=&#8221;1\/6&#8243;][\/vc_column][vc_column width=&#8221;2\/3&#8243;][vc_custom_heading text=&#8221;Cubriendo un mercado altamente exigente&#8221; font_container=&#8221;tag:h2|font_size:34|text_align:center|color:%2300608f&#8221; google_fonts=&#8221;font_family:Didact%20Gothic%3Aregular|font_style:400%20regular%3A400%3Anormal&#8221;][vc_custom_heading text=&#8221;Nuestro buque factor\u00eda Centuri\u00f3n del Atl\u00e1ntico est\u00e1 equipado con tecnolog\u00eda de avanzada para la producci\u00f3n de pescado descabezado, eviscerado y sin cola, cumpliendo con los est\u00e1ndares de calidad requeridos por un mercado altamente exigente.&#8221; font_container=&#8221;tag:h2|font_size:20|text_align:center|color:%23686868&#8243; google_fonts=&#8221;font_family:Didact%20Gothic%3Aregular|font_style:400%20regular%3A400%3Anormal&#8221;][vc_custom_heading text=&#8221;Casi toda nuestra producci\u00f3n es exportada, abasteciendo a los principales mercados del mundo como Estados Unidos, Jap\u00f3n, China, Corea y Europa, entre otros. Nuestros clientes incluyen algunos de los m\u00e1s reconocidos nombres en la industria de alimentaci\u00f3n de todo el mundo.&#8221; font_container=&#8221;tag:h2|font_size:20|text_align:center|color:%23686868&#8243; google_fonts=&#8221;font_family:Didact%20Gothic%3Aregular|font_style:400%20regular%3A400%3Anormal&#8221;][\/vc_column][vc_column width=&#8221;1\/6&#8243;][\/vc_column][\/vc_row][vc_row full_width=&#8221;stretch_row&#8221; disable_element=&#8221;yes&#8221; css=&#8221;.vc_custom_1724606270103{padding-top: 4% !important;padding-bottom: 8% !important;background-color: #00608f !important;}&#8221; el_id=&#8221;cliente&#8221;][vc_column][vc_custom_heading text=&#8221;Conociendo a nuestros clientes&#8221; font_container=&#8221;tag:h2|font_size:34|text_align:center|color:%23ffffff&#8221; google_fonts=&#8221;font_family:Didact%20Gothic%3Aregular|font_style:400%20regular%3A400%3Anormal&#8221;][vc_custom_heading text=&#8221;Nuestro objetivo primordial es la mayor satisfacci\u00f3n del cliente \u2013 lograda a trav\u00e9s de la entrega consistente de productos de calidad premium a trav\u00e9s del mejor equipo de producci\u00f3n-, ventas y administraci\u00f3n de nuestra empresa.&#8221; font_container=&#8221;tag:h2|font_size:20|text_align:center|color:%23ffffff&#8221; google_fonts=&#8221;font_family:Didact%20Gothic%3Aregular|font_style:400%20regular%3A400%3Anormal&#8221;][vc_custom_heading text=&#8221;Estremar es una compa\u00f1\u00eda pesquera que ha superado los desaf\u00edos de trabajar en uno de los m\u00e1s remotos y desafiantes ambientes del mundo, y ha demostrado gran capacidad y compromiso en la industria internacional de productos de mar.&#8221; font_container=&#8221;tag:h2|font_size:20|text_align:center|color:%23ffffff&#8221; google_fonts=&#8221;font_family:Didact%20Gothic%3Aregular|font_style:400%20regular%3A400%3Anormal&#8221;][vc_custom_heading text=&#8221;La relaci\u00f3n cercana que tenemos con nuestros clientes nos permite mejorar nuestros productos continuamente para cubrir sus necesidades.&#8221; font_container=&#8221;tag:h2|font_size:20|text_align:center|color:%23ffffff&#8221; google_fonts=&#8221;font_family:Didact%20Gothic%3Aregular|font_style:400%20regular%3A400%3Anormal&#8221;][vc_custom_heading text=&#8221;Para nosotros, la satisfacci\u00f3n del cliente es beneficiosa para ambas partes en una relaci\u00f3n a largo plazo.&#8221; font_container=&#8221;tag:h2|font_size:20|text_align:center|color:%23ffffff&#8221; google_fonts=&#8221;font_family:Didact%20Gothic%3Aregular|font_style:400%20regular%3A400%3Anormal&#8221;][\/vc_column][\/vc_row][vc_row full_width=&#8221;stretch_row_content&#8221; css=&#8221;.vc_custom_1653491644882{padding-top: 3% !important;padding-bottom: 3% !important;}&#8221; el_id=&#8221;productos&#8221;][vc_column width=&#8221;1\/6&#8243;][\/vc_column][vc_column width=&#8221;2\/3&#8243;][vc_row_inner el_id=&#8221;merluza&#8221;][vc_column_inner width=&#8221;1\/3&#8243;][vc_single_image image=&#8221;137&#8243; img_size=&#8221;full&#8221; alignment=&#8221;center&#8221;][vc_custom_heading text=&#8221;Merluza Negra&#8221; font_container=&#8221;tag:h2|font_size:34|text_align:left|color:%2300608f&#8221; google_fonts=&#8221;font_family:Didact%20Gothic%3Aregular|font_style:400%20regular%3A400%3Anormal&#8221;][vc_column_text]<strong>Descripci\u00f3n del producto<\/strong><br \/>\nPesca de arrastre \/ Captura silvestre \/ Congelado en altamar \/ Descabezado, eviscerado y sin cola.<br \/>\n<strong>Especie<\/strong><br \/>\nDissostichus eleginoides<br \/>\n<strong>Pa\u00eds de Origen<\/strong><br \/>\nArgentina<br \/>\n<strong>Buque Pesquero<\/strong><br \/>\nCenturion del Atlantico SENASA \/ EU agreement # 2810<br \/>\n<strong>\u00c1rea de Pesca<\/strong><br \/>\nAtl\u00e1ntico Sur, FAO Zona 41<br \/>\n<strong>Glaseado<\/strong><br \/>\nDepende del tama\u00f1o del pescado<br \/>\n<strong>Aditivos<\/strong><br \/>\nNinguno<br \/>\n<strong>Per\u00edodo de conservaci\u00f3n (Congelado)<\/strong><br \/>\n24 meses<br \/>\n<strong>Embalaje<\/strong><br \/>\nCaja de 30kg (0-15kg) o Bolsa de 500kg (15kg &amp; m\u00e1s)<br \/>\n<strong>Talla<\/strong><br \/>\nCongelados individualmente en bolsas de polietileno:2-4kg, 4-6kg, 6-8kg, 8-10kg, 10-12kg, 12-15kg,15-20kg, 20-30kg, 30kg &amp; M\u00e1s[\/vc_column_text][\/vc_column_inner][vc_column_inner width=&#8221;1\/3&#8243;][vc_single_image image=&#8221;138&#8243; img_size=&#8221;full&#8221; alignment=&#8221;center&#8221;][vc_custom_heading text=&#8221;Merluza de Cola&#8221; font_container=&#8221;tag:h2|font_size:34|text_align:left|color:%2300608f&#8221; google_fonts=&#8221;font_family:Didact%20Gothic%3Aregular|font_style:400%20regular%3A400%3Anormal&#8221;][vc_column_text]<strong>Descripci\u00f3n del producto<\/strong><br \/>\nPesca de arrastre \/ Captura silvestre \/ Congelado en altamar\/ Descabezado, eviscerado y sin cola.<br \/>\n<strong>Especie<\/strong><br \/>\nMacruronus magellanicus<br \/>\n<strong>Pa\u00eds de Origen<\/strong><br \/>\nArgentina<br \/>\n<strong>Buque Pesquero<\/strong><br \/>\nCenturion del Atlantico<br \/>\n<strong>\u00c1rea de Pesca<\/strong><br \/>\nAtl\u00e1ntico Sur, FAO Zona 41<br \/>\n<strong>Glaseado<\/strong><br \/>\nDepende del tama\u00f1o del pescado<br \/>\n<strong>Aditivos<\/strong><br \/>\nNinguno<br \/>\n<strong>Per\u00edodo de conservaci\u00f3n (Congelado)<\/strong><br \/>\n24 meses<br \/>\n<strong>Embalaje<\/strong><br \/>\nBolsa de capas m\u00faltiples de 24kg (bloques de 2x12kg)<br \/>\n<strong>Embalaje interno<\/strong><br \/>\nBloques de 12 kg<br \/>\n<strong>Clasificaci\u00f3n por tama\u00f1o<\/strong><br \/>\n200-400g, 400-600g, 600-800g, 800g &amp; m\u00e1s[\/vc_column_text][\/vc_column_inner][vc_column_inner width=&#8221;1\/3&#8243;][vc_single_image image=&#8221;143&#8243; img_size=&#8221;full&#8221; alignment=&#8221;center&#8221;][vc_custom_heading text=&#8221;Polaca&#8221; font_container=&#8221;tag:h2|font_size:34|text_align:left|color:%2300608f&#8221; google_fonts=&#8221;font_family:Didact%20Gothic%3Aregular|font_style:400%20regular%3A400%3Anormal&#8221;][vc_column_text]<strong>Descripci\u00f3n del producto<\/strong><br \/>\nTrawl caught \/ wild catch \/ frozen at sea \/ whole round<br \/>\n<strong>Especie<\/strong><br \/>\nMicromesistius australis<br \/>\n<strong>Pa\u00eds de Origen<\/strong><br \/>\nArgentina<br \/>\n<strong>Buque Pesquero<\/strong><br \/>\nCenturion del Atlantico SENASA \/ EU agreement # 2810<br \/>\n<strong>\u00c1rea de Pesca<\/strong><br \/>\nAtl\u00e1ntico Sur, FAO Zona 41<br \/>\n<strong>Glaseado<\/strong><br \/>\nNinguno<br \/>\n<strong>Aditivos<\/strong><br \/>\nNinguno<br \/>\n<strong>Per\u00edodo de conservaci\u00f3n (Congelado)<\/strong><br \/>\n24 meses<br \/>\n<strong>Embalaje<\/strong><br \/>\nBolsa de capas m\u00faltiples de 24kg (bloques de 2x12kg)<br \/>\n<strong>Clasificaci\u00f3n por tama\u00f1o<\/strong><br \/>\n0-500g, 500g y m\u00e1s[\/vc_column_text][\/vc_column_inner][\/vc_row_inner][\/vc_column][vc_column width=&#8221;1\/6&#8243;][\/vc_column][\/vc_row][vc_row full_width=&#8221;stretch_row_content&#8221; css=&#8221;.vc_custom_1653424983847{padding-top: 3% !important;padding-bottom: 3% !important;}&#8221;][vc_column width=&#8221;1\/6&#8243;][\/vc_column][vc_column width=&#8221;2\/3&#8243;][vc_row_inner el_id=&#8221;granadero&#8221;][vc_column_inner width=&#8221;1\/3&#8243;][vc_single_image image=&#8221;140&#8243; img_size=&#8221;full&#8221; alignment=&#8221;center&#8221;][vc_custom_heading text=&#8221;Merluza Austral&#8221; font_container=&#8221;tag:h2|font_size:34|text_align:left|color:%2300608f&#8221; google_fonts=&#8221;font_family:Didact%20Gothic%3Aregular|font_style:400%20regular%3A400%3Anormal&#8221;][vc_column_text]<strong>Descripci\u00f3n del producto<\/strong><br \/>\nPesca de arrastre \/ Captura silvestre \/ Congelado en altamar\/ Descabezado, eviscerado y sin cola<br \/>\n<strong>Especie<\/strong><br \/>\nMerluccius australis<br \/>\n<strong>Pa\u00eds de Origen<\/strong><br \/>\nArgentina<br \/>\n<strong>Buque Pesquero<\/strong><br \/>\nCenturion del Atlantico SENASA \/ EU agreement # 2810<br \/>\n<strong>\u00c1rea de Pesca<\/strong><br \/>\nAtl\u00e1ntico Sur, FAO Zona 41<br \/>\n<strong>Glaseado<\/strong><br \/>\nNinguno<br \/>\n<strong>Aditivos<\/strong><br \/>\nNinguno<br \/>\n<strong>Per\u00edodo de conservaci\u00f3n (Congelado)<\/strong><br \/>\n24 meses<br \/>\n<strong>Embalaje<\/strong><br \/>\nBolsa de capas m\u00faltiples de 24kg (bloques de 2x12kg)<br \/>\n<strong>Embalaje interno<\/strong><br \/>\n12 kg Interleave Blocks (Blue Poly)<br \/>\n<strong>Clasificaci\u00f3n por tama\u00f1o<\/strong><br \/>\n1.0-1.5kg, 1.5-2.0kg y m\u00e1s[\/vc_column_text][\/vc_column_inner][vc_column_inner width=&#8221;1\/3&#8243;][vc_single_image image=&#8221;145&#8243; img_size=&#8221;full&#8221; alignment=&#8221;center&#8221;][vc_custom_heading text=&#8221;Granadero&#8221; font_container=&#8221;tag:h2|font_size:34|text_align:left|color:%2300608f&#8221; google_fonts=&#8221;font_family:Didact%20Gothic%3Aregular|font_style:400%20regular%3A400%3Anormal&#8221;][vc_column_text]<strong>Descripci\u00f3n del producto<\/strong><br \/>\nPesca de arrastre \/ Captura silvestre \/ Congelado en altamar \/ Descabezado, eviscerado y sin cola.<br \/>\n<strong>Especie<\/strong><br \/>\nCoelorhynchus fasciatus<br \/>\n<strong>Pa\u00eds de Origen<\/strong><br \/>\nArgentina<br \/>\n<strong>Buque Pesquero<\/strong><br \/>\nCenturi\u00f3n del Atl\u00e1ntico SENASA \/ EU agreement # 2810<br \/>\n<strong>\u00c1rea de Pesca<\/strong><br \/>\nAtl\u00e1ntico Sur, FAO Zona 41<br \/>\n<strong>Glaseado<\/strong><br \/>\nNinguno<br \/>\n<strong>Aditivos<\/strong><br \/>\nNinguno<br \/>\n<strong>Per\u00edodo de conservaci\u00f3n (Congelado)<\/strong><br \/>\n24 meses<br \/>\n<strong>Embalaje<\/strong><br \/>\nBolsa de capas m\u00faltiples de 24kg (bloques de 2x12kg)<br \/>\n<strong>Embalaje interno<\/strong><br \/>\n12 kg Interleave Blocks (Blue Poly)<br \/>\n<strong>Clasificaci\u00f3n por tama\u00f1o<\/strong><br \/>\n200-500g, 500g &amp; m\u00e1s[\/vc_column_text][\/vc_column_inner][vc_column_inner width=&#8221;1\/3&#8243;][vc_single_image image=&#8221;204&#8243; img_size=&#8221;full&#8221; alignment=&#8221;center&#8221;][vc_custom_heading text=&#8221;Abadejo&#8221; font_container=&#8221;tag:h2|font_size:34|text_align:left|color:%2300608f&#8221; google_fonts=&#8221;font_family:Didact%20Gothic%3Aregular|font_style:400%20regular%3A400%3Anormal&#8221;][vc_column_text]<strong>Descripci\u00f3n del producto<\/strong><br \/>\nPesca de arrastre \/ Captura silvestre\/ Congelado en altamar\/ descabezado, eviscerado y sin cola.<br \/>\n<strong>Especie<\/strong><br \/>\nGenypterus blacodes<br \/>\n<strong>Pa\u00eds de Origen<\/strong><br \/>\nArgentina<br \/>\n<strong>Buque Pesquero<\/strong><br \/>\nCenturi\u00f3n del Atl\u00e1ntico SENASA \/ EU agreement # 2810<br \/>\n<strong>\u00c1rea de Pesca<\/strong><br \/>\nAtl\u00e1ntico Sur, FAO Zona 41<br \/>\n<strong>Glaseado<\/strong><br \/>\nNinguno<br \/>\n<strong>Aditivos<\/strong><br \/>\nNinguno<br \/>\n<strong>Per\u00edodo de conservaci\u00f3n (Congelado)<\/strong><br \/>\n24 meses<br \/>\n<strong>Embalaje<\/strong><br \/>\nBolsa de capas m\u00faltiples de 24kg (bloques de 2x12kg)<br \/>\n<strong>Embalaje interno<\/strong><br \/>\n12 kg Interleave Blocks (Blue Poly)<br \/>\n<strong>Clasificaci\u00f3n por tama\u00f1o<\/strong><br \/>\n500g \u2013 1.0kg, 1.0-1.5kg, 1.5-2.0kg, 2.0kg &amp; m\u00e1s[\/vc_column_text][\/vc_column_inner][\/vc_row_inner][\/vc_column][vc_column width=&#8221;1\/6&#8243;][\/vc_column][\/vc_row][vc_row full_width=&#8221;stretch_row_content&#8221; css=&#8221;.vc_custom_1653493872230{padding-top: 3% !important;padding-bottom: 8% !important;}&#8221; el_id=&#8221;harina&#8221;][vc_column width=&#8221;1\/6&#8243;][\/vc_column][vc_column width=&#8221;2\/3&#8243;][vc_row_inner][vc_column_inner width=&#8221;1\/3&#8243;][vc_single_image image=&#8221;151&#8243; img_size=&#8221;full&#8221; alignment=&#8221;center&#8221;][vc_custom_heading text=&#8221;Bacalao Criollo&#8221; font_container=&#8221;tag:h2|font_size:34|text_align:left|color:%2300608f&#8221; google_fonts=&#8221;font_family:Didact%20Gothic%3Aregular|font_style:400%20regular%3A400%3Anormal&#8221;][vc_column_text]<strong>Descripci\u00f3n del producto<\/strong><br \/>\nPesca de arrastre \/ Captura silvestre \/ Congelado en altamar\/ Descabezado, eviscerado y sin cola.<br \/>\n<strong>Especie<\/strong><br \/>\nSalilota australis<br \/>\n<strong>Pa\u00eds de Origen<\/strong><br \/>\nArgentina<br \/>\n<strong>Buque Pesquero<\/strong><br \/>\nCenturi\u00f3n del Atl\u00e1ntico SENASA \/ EU agreement # 2810<br \/>\n<strong>\u00c1rea de Pesca<\/strong><br \/>\nAtl\u00e1ntico Sur, FAO Zona 41<br \/>\n<strong>Glaseado<\/strong><br \/>\nNinguno<br \/>\n<strong>Aditivos<\/strong><br \/>\nNinguno<br \/>\n<strong>Per\u00edodo de conservaci\u00f3n (Congelado)<\/strong><br \/>\n24 meses<br \/>\n<strong>Embalaje<\/strong><br \/>\nBolsa de capas m\u00faltiples de 24kg (bloques de 2x12kg)<br \/>\n<strong>Embalaje interno<\/strong><br \/>\n12 kg Interleave Blocks (Blue Poly)<br \/>\n<strong>Clasificaci\u00f3n por tama\u00f1o<\/strong><br \/>\n500g \u2013 1.0kg, 1.0-1.5kg, 1.5-2.0kg, 2.0kg&amp; m\u00e1s[\/vc_column_text][\/vc_column_inner][vc_column_inner width=&#8221;1\/3&#8243;][vc_single_image image=&#8221;150&#8243; img_size=&#8221;full&#8221; alignment=&#8221;center&#8221;][vc_custom_heading text=&#8221;Savor\u00edn&#8221; font_container=&#8221;tag:h2|font_size:34|text_align:left|color:%2300608f&#8221; google_fonts=&#8221;font_family:Didact%20Gothic%3Aregular|font_style:400%20regular%3A400%3Anormal&#8221;][vc_column_text]<strong>Descripci\u00f3n del producto<\/strong><br \/>\nPesca de arrastre \/ Captura silvestre \/ Congelado en altamar \/ Descabezado, eviscerado y sin cola.<br \/>\n<strong>Especie<\/strong><br \/>\nSeriolella Porosa<br \/>\n<strong>Pa\u00eds de Origen<\/strong><br \/>\nArgentina<br \/>\n<strong>Buque Pesquero<\/strong><br \/>\nCenturi\u00f3n del Atl\u00e1ntico SENASA \/ EU agreement # 2810<br \/>\n<strong>\u00c1rea de Pesca<\/strong><br \/>\nAtl\u00e1ntico Sur, FAO Zona 41<br \/>\n<strong>Glaseado<\/strong><br \/>\nNinguno<br \/>\n<strong>Aditivos<\/strong><br \/>\nNinguno<br \/>\n<strong>Per\u00edodo de conservaci\u00f3n (Congelado)<\/strong><br \/>\n24 meses<br \/>\n<strong>Embalaje<\/strong><br \/>\nBolsa de capas m\u00faltiples de 22kg (bloques de 2x11kg)<br \/>\n<strong>Embalaje interno<\/strong><br \/>\n11 kg bloques Interleave Blocks (Blue Poly)<br \/>\n<strong>Clasificaci\u00f3n por tama\u00f1o<\/strong><br \/>\n200-500g, 500g-1.0kg, 1.0-1.5kg, 1.5kg &amp; m\u00e1s[\/vc_column_text][\/vc_column_inner][vc_column_inner width=&#8221;1\/3&#8243;][vc_single_image image=&#8221;149&#8243; img_size=&#8221;full&#8221; alignment=&#8221;center&#8221;][vc_custom_heading text=&#8221;Harina de Pescado&#8221; font_container=&#8221;tag:h2|font_size:34|text_align:left|color:%2300608f&#8221; google_fonts=&#8221;font_family:Didact%20Gothic%3Aregular|font_style:400%20regular%3A400%3Anormal&#8221;][vc_column_text]<strong>Descripci\u00f3n del producto<\/strong><br \/>\nHarina de pescado solo para alimentaci\u00f3n animal.<br \/>\n<strong>Especie<\/strong><br \/>\nMateria prima, v\u00edsceras del procesamiento de pescado blanco.<br \/>\n<strong>Pa\u00eds de Origen<\/strong><br \/>\nArgentina<br \/>\n<strong>Buque Pesquero<\/strong><br \/>\nCenturi\u00f3n del Atl\u00e1ntico SENASA \/ EU agreement # 2810<br \/>\n<strong>\u00c1rea de Pesca<\/strong><br \/>\nAtl\u00e1ntico Sur, FAO Zona 41<br \/>\n<strong>An\u00e1lisis antes de exportar<\/strong><br \/>\nSalmonella, BSE (enfermedad de la vaca loca), cadmio<br \/>\n<strong>Aditivos<\/strong><br \/>\nEtoxiquina menor al 0,015 %<br \/>\n<strong>Per\u00edodo de conservaci\u00f3n (Congelado)<\/strong><br \/>\n24 meses<br \/>\n<strong>Embalaje<\/strong><br \/>\nBolsa de polietileno de 30 kg<br \/>\n<strong>M\u00ednimo de\u00a0<\/strong><b>prote\u00ednas<\/b><br \/>\n65%<br \/>\n20%<br \/>\n<strong>M\u00e1ximo de grasa<\/strong><br \/>\n10%<br \/>\n<strong>M\u00e1ximo de humedad<\/strong><br \/>\n10%<br \/>\n<strong>Cargamento IMO<\/strong><br \/>\nSi[\/vc_column_text][\/vc_column_inner][\/vc_row_inner][\/vc_column][vc_column width=&#8221;1\/6&#8243;][\/vc_column][\/vc_row][vc_row full_width=&#8221;stretch_row_content&#8221; video_bg=&#8221;yes&#8221; video_bg_url=&#8221;https:\/\/www.youtube.com\/watch?v=VuGXbgpdHVE&#8221;][vc_column][vc_empty_space height=&#8221;632px&#8221;][\/vc_column][\/vc_row][vc_row][vc_column width=&#8221;1\/2&#8243;][vc_single_image image=&#8221;201&#8243; img_size=&#8221;230&#215;130&#8243; alignment=&#8221;right&#8221;][\/vc_column][vc_column width=&#8221;1\/2&#8243; css=&#8221;.vc_custom_1653423128178{margin-top: 3% !important;}&#8221;][vc_custom_heading text=&#8221;ESTREMAR<br \/>\nMail: infoc@estremar.com<br \/>\nTel\u00e9fono: +54 11 5032-4971<br \/>\nCALLE SIN NOMBRE Nro 4868,esquina Manuel Cami\u00f1a, Secci\u00f3n G, Macizo 20, Parcela 7<br \/>\nUshuaia &#8211; Tierra del Fuego &#8211; Argentina&#8221; font_container=&#8221;tag:h2|font_size:18|text_align:left|color:%23000000&#8243; google_fonts=&#8221;font_family:Abel%3Aregular|font_style:400%20regular%3A400%3Anormal&#8221;][\/vc_column][\/vc_row]<\/p>\n","protected":false},"excerpt":{"rendered":"<p>[vc_row full_width=&#8221;stretch_row_content&#8221; parallax=&#8221;content-moving&#8221; parallax_image=&#8221;135&#8243; css=&#8221;.vc_custom_1653445142462{margin-top: -1% !important;}&#8221;][vc_column width=&#8221;1\/6&#8243;][\/vc_column][vc_column width=&#8221;2\/3&#8243; css=&#8221;.vc_custom_1653424495637{padding-bottom: 15% !important;}&#8221;][vc_empty_space height=&#8221;210px&#8221;][vc_custom_heading text=&#8221;Productos&#8221; font_container=&#8221;tag:h2|font_size:34|text_align:center|color:%23ffffff&#8221; google_fonts=&#8221;font_family:Didact%20Gothic%3Aregular|font_style:400%20regular%3A400%3Anormal&#8221;][vc_custom_heading text=&#8221;Todos los d\u00edas en los mares de la Patagonia, pescamos una gran variedad de productos de alta calidad.&#8221; font_container=&#8221;tag:h2|font_size:20|text_align:center|color:%23ffffff&#8221; google_fonts=&#8221;font_family:Didact%20Gothic%3Aregular|font_style:400%20regular%3A400%3Anormal&#8221;][\/vc_column][vc_column width=&#8221;1\/6&#8243;][\/vc_column][\/vc_row][vc_row full_width=&#8221;stretch_row_content&#8221; disable_element=&#8221;yes&#8221; css=&#8221;.vc_custom_1724606258284{padding-top: 3% !important;padding-bottom: 3% !important;}&#8221; el_id=&#8221;mercados&#8221;][vc_column width=&#8221;1\/6&#8243;][\/vc_column][vc_column width=&#8221;2\/3&#8243;][vc_custom_heading text=&#8221;Cubriendo un mercado altamente exigente&#8221; font_container=&#8221;tag:h2|font_size:34|text_align:center|color:%2300608f&#8221; google_fonts=&#8221;font_family:Didact%20Gothic%3Aregular|font_style:400%20regular%3A400%3Anormal&#8221;][vc_custom_heading text=&#8221;Nuestro [&hellip;]<\/p>\n","protected":false},"author":1,"featured_media":0,"parent":0,"menu_order":0,"comment_status":"closed","ping_status":"closed","template":"","meta":{"footnotes":""},"class_list":["post-132","page","type-page","status-publish","hentry","entry"],"_links":{"self":[{"href":"https:\/\/www.estremar.com\/index.php\/wp-json\/wp\/v2\/pages\/132","targetHints":{"allow":["GET"]}}],"collection":[{"href":"https:\/\/www.estremar.com\/index.php\/wp-json\/wp\/v2\/pages"}],"about":[{"href":"https:\/\/www.estremar.com\/index.php\/wp-json\/wp\/v2\/types\/page"}],"author":[{"embeddable":true,"href":"https:\/\/www.estremar.com\/index.php\/wp-json\/wp\/v2\/users\/1"}],"replies":[{"embeddable":true,"href":"https:\/\/www.estremar.com\/index.php\/wp-json\/wp\/v2\/comments?post=132"}],"version-history":[{"count":4,"href":"https:\/\/www.estremar.com\/index.php\/wp-json\/wp\/v2\/pages\/132\/revisions"}],"predecessor-version":[{"id":11613,"href":"https:\/\/www.estremar.com\/index.php\/wp-json\/wp\/v2\/pages\/132\/revisions\/11613"}],"wp:attachment":[{"href":"https:\/\/www.estremar.com\/index.php\/wp-json\/wp\/v2\/media?parent=132"}],"curies":[{"name":"wp","href":"https:\/\/api.w.org\/{rel}","templated":true}]}}