{"id":2,"date":"2022-05-12T22:11:26","date_gmt":"2022-05-12T22:11:26","guid":{"rendered":"http:\/\/w3.estremar.com\/wordpress\/?page_id=2"},"modified":"2024-09-10T11:44:38","modified_gmt":"2024-09-10T14:44:38","slug":"sample-page","status":"publish","type":"page","link":"https:\/\/www.estremar.com\/","title":{"rendered":"Sample Page"},"content":{"rendered":"<p>[vc_row full_width=&#8221;stretch_row_content_no_spaces&#8221; css=&#8221;.vc_custom_1677100524850{margin-top: -1% !important;margin-bottom: -105px !important;background-image: url(http:\/\/www.estremar.com\/wp-content\/uploads\/2022\/08\/imagenD2.jpg?id=248) !important;}&#8221;][vc_column][vc_empty_space height=&#8221;300px&#8221;][vc_custom_heading text=&#8221;Hacemos posible un futuro sustentable&#8221; font_container=&#8221;tag:h2|font_size:34|text_align:center|color:%23ffffff&#8221; google_fonts=&#8221;font_family:Didact%20Gothic%3Aregular|font_style:400%20regular%3A400%3Anormal&#8221;][vc_single_image image=&#8221;11646&#8243; img_size=&#8221;full&#8221; alignment=&#8221;center&#8221;][vc_empty_space height=&#8221;392px&#8221;][\/vc_column][\/vc_row][vc_row full_width=&#8221;stretch_row_content_no_spaces&#8221; css=&#8221;.vc_custom_1677100553397{margin-top: -4% !important;padding-top: 1% !important;padding-bottom: 8% !important;background-color: #00608f !important;}&#8221; el_id=&#8221;quienes&#8221;][vc_column width=&#8221;1\/6&#8243;][\/vc_column][vc_column width=&#8221;2\/3&#8243;][vc_custom_heading text=&#8221;Una compa\u00f1\u00eda pesquera Argentina l\u00edder&#8221; font_container=&#8221;tag:h2|font_size:34|text_align:center|color:%23ffffff&#8221; google_fonts=&#8221;font_family:Didact%20Gothic%3Aregular|font_style:400%20regular%3A400%3Anormal&#8221;][vc_custom_heading text=&#8221;Estremar es una de las m\u00e1s grandes compa\u00f1\u00edas pesqueras en Argentina. Somos proveedores l\u00edderes de Merluza Negra y nuestros productos de mar se sirven en los platos de los mercados m\u00e1s importantes. Mejoramos continuamente nuestras operaciones e invertimos en procesos de producci\u00f3n innovadores. Somos considerados como una de las compa\u00f1\u00edas pesqueras l\u00edderes en Argentina.&#8221; font_container=&#8221;tag:h2|font_size:20|text_align:center|color:%23ffffff&#8221; google_fonts=&#8221;font_family:Didact%20Gothic%3Aregular|font_style:400%20regular%3A400%3Anormal&#8221; css=&#8221;.vc_custom_1677100649324{padding-right: 1% !important;padding-left: 1% !important;}&#8221;][vc_btn title=&#8221;Ver m\u00e1s sobre nosotros&#8230;&#8221; style=&#8221;flat&#8221; color=&#8221;peacoc&#8221; size=&#8221;lg&#8221; align=&#8221;center&#8221; i_icon_fontawesome=&#8221;fas fa-info-circle&#8221; add_icon=&#8221;true&#8221; link=&#8221;url:%2Findex.php%2Finstitucional%2F&#8221;][\/vc_column][vc_column width=&#8221;1\/6&#8243;][\/vc_column][\/vc_row][vc_row full_width=&#8221;stretch_row_content&#8221; video_bg=&#8221;yes&#8221; video_bg_url=&#8221;https:\/\/www.youtube.com\/watch?v=XMFvtaP-wSw&#8221; el_id=&#8221;operaciones&#8221; css=&#8221;.vc_custom_1724946207108{margin-top: -12px !important;}&#8221;][vc_column][vc_row_inner css=&#8221;.vc_custom_1653422715734{margin-top: -4% !important;padding-top: 12% !important;padding-bottom: 12% !important;background-color: rgba(0,0,0,0.4) !important;*background-color: rgb(0,0,0) !important;}&#8221;][vc_column_inner][vc_custom_heading text=&#8221;Operaciones&#8221; font_container=&#8221;tag:h2|font_size:34|text_align:center|color:%23ffffff&#8221; google_fonts=&#8221;font_family:Didact%20Gothic%3Aregular|font_style:400%20regular%3A400%3Anormal&#8221;][vc_custom_heading text=&#8221;En ESTREMAR estamos orgullosos de operar en el oc\u00e9ano m\u00e1s limpio del mundo. Conozca nuestra flota y la plataforma d\u00f3nde operamos.&#8221; font_container=&#8221;tag:h2|font_size:20|text_align:center|color:%23ffffff&#8221; google_fonts=&#8221;font_family:Didact%20Gothic%3Aregular|font_style:400%20regular%3A400%3Anormal&#8221; css=&#8221;.vc_custom_1724607507072{padding-right: 20% !important;padding-left: 20% !important;}&#8221;][vc_btn title=&#8221;Nuestra flota&#8221; style=&#8221;flat&#8221; color=&#8221;peacoc&#8221; size=&#8221;lg&#8221; align=&#8221;center&#8221; i_icon_fontawesome=&#8221;fas fa-ship&#8221; add_icon=&#8221;true&#8221; link=&#8221;url:%2Findex.php%2Foperaciones%2F%23barco&#8221;][\/vc_column_inner][\/vc_row_inner][\/vc_column][\/vc_row][vc_row full_width=&#8221;stretch_row&#8221; disable_element=&#8221;yes&#8221; css=&#8221;.vc_custom_1653420048829{padding-top: 3% !important;padding-bottom: 3% !important;background-color: #00608f !important;}&#8221; el_id=&#8221;operaciones&#8221;][vc_column width=&#8221;1\/2&#8243; css=&#8221;.vc_custom_1648667460340{padding-left: 3% !important;}&#8221;][vc_custom_heading text=&#8221;Operaciones&#8221; font_container=&#8221;tag:h2|font_size:34|text_align:right|color:%23ffffff&#8221; google_fonts=&#8221;font_family:Didact%20Gothic%3Aregular|font_style:400%20regular%3A400%3Anormal&#8221;][vc_custom_heading text=&#8221;En ESTREMAR estamos orgullosos de operar en el oc\u00e9ano m\u00e1s limpio del mundo. Conozca la plataforma d\u00f3nde operamos, la tripulaci\u00f3n y nuestro barco.&#8221; font_container=&#8221;tag:h2|font_size:20|text_align:right|color:%23ffffff&#8221; google_fonts=&#8221;font_family:Didact%20Gothic%3Aregular|font_style:400%20regular%3A400%3Anormal&#8221;][\/vc_column][vc_column width=&#8221;1\/2&#8243;][vc_btn title=&#8221;Tierra del fuego&#8221; style=&#8221;flat&#8221; color=&#8221;peacoc&#8221; size=&#8221;lg&#8221; align=&#8221;left&#8221; i_icon_fontawesome=&#8221;fas fa-map-marker-alt&#8221; button_block=&#8221;true&#8221; add_icon=&#8221;true&#8221;][vc_btn title=&#8221;A bordo&#8221; style=&#8221;flat&#8221; color=&#8221;peacoc&#8221; size=&#8221;lg&#8221; align=&#8221;left&#8221; i_icon_fontawesome=&#8221;fas fa-anchor&#8221; button_block=&#8221;true&#8221; add_icon=&#8221;true&#8221;][vc_btn title=&#8221;Nuestro barco&#8221; style=&#8221;flat&#8221; color=&#8221;peacoc&#8221; size=&#8221;lg&#8221; align=&#8221;left&#8221; i_icon_fontawesome=&#8221;fas fa-ship&#8221; button_block=&#8221;true&#8221; add_icon=&#8221;true&#8221;][\/vc_column][\/vc_row][vc_row el_id=&#8221;productos&#8221; css=&#8221;.vc_custom_1653422411726{margin-bottom: 2% !important;padding-top: 3% !important;}&#8221;][vc_column width=&#8221;1\/2&#8243;][vc_btn title=&#8221;Merluza Negra&#8221; style=&#8221;flat&#8221; color=&#8221;peacoc&#8221; size=&#8221;lg&#8221; align=&#8221;right&#8221; i_align=&#8221;right&#8221; i_icon_fontawesome=&#8221;fas fa-fish&#8221; button_block=&#8221;true&#8221; add_icon=&#8221;true&#8221; link=&#8221;url:%2Findex.php%2Fproductos%2F%23merluza&#8221;][vc_btn title=&#8221;Merluza de Cola&#8221; style=&#8221;flat&#8221; color=&#8221;peacoc&#8221; size=&#8221;lg&#8221; align=&#8221;right&#8221; i_align=&#8221;right&#8221; i_icon_fontawesome=&#8221;fas fa-fish&#8221; button_block=&#8221;true&#8221; add_icon=&#8221;true&#8221; link=&#8221;url:%2Findex.php%2Fproductos%2F%23merluza&#8221;][vc_btn title=&#8221;Polaca&#8221; style=&#8221;flat&#8221; color=&#8221;peacoc&#8221; size=&#8221;lg&#8221; align=&#8221;right&#8221; i_align=&#8221;right&#8221; i_icon_fontawesome=&#8221;fas fa-fish&#8221; button_block=&#8221;true&#8221; add_icon=&#8221;true&#8221; link=&#8221;url:%2Findex.php%2Fproductos%2F%23merluza&#8221;][vc_btn title=&#8221;Merluza Austral&#8221; style=&#8221;flat&#8221; color=&#8221;peacoc&#8221; size=&#8221;lg&#8221; align=&#8221;right&#8221; i_align=&#8221;right&#8221; i_icon_fontawesome=&#8221;fas fa-fish&#8221; button_block=&#8221;true&#8221; add_icon=&#8221;true&#8221; link=&#8221;url:%2Findex.php%2Fproductos%2F%23granadero&#8221;][vc_btn title=&#8221;Granadero&#8221; style=&#8221;flat&#8221; color=&#8221;peacoc&#8221; size=&#8221;lg&#8221; align=&#8221;right&#8221; i_align=&#8221;right&#8221; i_icon_fontawesome=&#8221;fas fa-fish&#8221; button_block=&#8221;true&#8221; add_icon=&#8221;true&#8221; link=&#8221;url:%2Findex.php%2Fproductos%2F%23granadero&#8221;][vc_btn title=&#8221;Abadejo&#8221; style=&#8221;flat&#8221; color=&#8221;peacoc&#8221; size=&#8221;lg&#8221; align=&#8221;right&#8221; i_align=&#8221;right&#8221; i_icon_fontawesome=&#8221;fas fa-fish&#8221; button_block=&#8221;true&#8221; add_icon=&#8221;true&#8221; link=&#8221;url:%2Findex.php%2Fproductos%2F%23granadero&#8221;][vc_btn title=&#8221;Bacalao Criollo&#8221; style=&#8221;flat&#8221; color=&#8221;peacoc&#8221; size=&#8221;lg&#8221; align=&#8221;right&#8221; i_align=&#8221;right&#8221; i_icon_fontawesome=&#8221;fas fa-fish&#8221; button_block=&#8221;true&#8221; add_icon=&#8221;true&#8221; link=&#8221;url:%2Findex.php%2Fproductos%2F%23harina&#8221;][vc_btn title=&#8221;Savor\u00edn&#8221; style=&#8221;flat&#8221; color=&#8221;peacoc&#8221; size=&#8221;lg&#8221; align=&#8221;right&#8221; i_align=&#8221;right&#8221; i_icon_fontawesome=&#8221;fas fa-fish&#8221; button_block=&#8221;true&#8221; add_icon=&#8221;true&#8221; link=&#8221;url:http%3A%2F%2Festremar.com%2Findex.php%2Fproductos%2F%23harina&#8221;][vc_btn title=&#8221;Harina de Pescado&#8221; style=&#8221;flat&#8221; color=&#8221;peacoc&#8221; size=&#8221;lg&#8221; align=&#8221;right&#8221; i_align=&#8221;right&#8221; i_icon_fontawesome=&#8221;fas fa-fish&#8221; button_block=&#8221;true&#8221; add_icon=&#8221;true&#8221; link=&#8221;url:%2Findex.php%2Fproductos%2F%23harina&#8221;][\/vc_column][vc_column width=&#8221;1\/2&#8243;][vc_custom_heading text=&#8221;Productos&#8221; font_container=&#8221;tag:h2|font_size:34|text_align:left|color:%2300608f&#8221; google_fonts=&#8221;font_family:Didact%20Gothic%3Aregular|font_style:400%20regular%3A400%3Anormal&#8221;][vc_custom_heading text=&#8221;Todos los d\u00edas en los mares de la Patagonia, pescamos una gran variedad de productos de alta calidad.&#8221; font_container=&#8221;tag:h2|font_size:20|text_align:left|color:%2300608f&#8221; google_fonts=&#8221;font_family:Didact%20Gothic%3Aregular|font_style:400%20regular%3A400%3Anormal&#8221;][vc_empty_space height=&#8221;12px&#8221;][vc_single_image image=&#8221;209&#8243; img_size=&#8221;full&#8221; alignment=&#8221;right&#8221;][\/vc_column][\/vc_row][vc_row full_width=&#8221;stretch_row&#8221; css=&#8221;.vc_custom_1653422842751{padding-bottom: 3% !important;background-color: #00608f !important;}&#8221; el_id=&#8221;contacto&#8221;][vc_column width=&#8221;1\/4&#8243;][\/vc_column][vc_column width=&#8221;1\/2&#8243;][vc_custom_heading text=&#8221;Cont\u00e1ctenos&#8221; font_container=&#8221;tag:h2|font_size:34|text_align:center|color:%23ffffff&#8221; google_fonts=&#8221;font_family:Didact%20Gothic%3Aregular|font_style:400%20regular%3A400%3Anormal&#8221;][vc_raw_html]JTVCY29udGFjdC1mb3JtLTclMjBpZCUzRCUyMjkxJTIyJTIwdGl0bGUlM0QlMjJDb250YWN0JTIwZm9ybSUyMDElMjIlNUQ=[\/vc_raw_html][\/vc_column][vc_column width=&#8221;1\/4&#8243;][\/vc_column][\/vc_row][vc_row el_class=&#8221;notranslate&#8221;][vc_column width=&#8221;1\/2&#8243;][vc_single_image image=&#8221;201&#8243; img_size=&#8221;280&#215;160&#8243; alignment=&#8221;right&#8221;][\/vc_column][vc_column width=&#8221;1\/2&#8243; css=&#8221;.vc_custom_1653423128178{margin-top: 3% !important;}&#8221;][vc_custom_heading text=&#8221;ESTREMAR<br \/>\nMail: infoc@estremar.com<br \/>\nTel\u00e9fono: +54 11 5032-4971<br \/>\nCALLE SIN NOMBRE Nro 4868,esquina Manuel Cami\u00f1a, Secci\u00f3n G, Macizo 20, Parcela 7<br \/>\nUshuaia &#8211; Tierra del Fuego &#8211; Argentina&#8221; font_container=&#8221;tag:h2|font_size:18|text_align:left|color:%23000000&#8243; google_fonts=&#8221;font_family:Abel%3Aregular|font_style:400%20regular%3A400%3Anormal&#8221; el_class=&#8221;notranslate&#8221;][\/vc_column][\/vc_row][vc_row][vc_column][vc_column_text]<\/p>\n<p>[\/vc_column_text][\/vc_column][\/vc_row]<\/p>\n","protected":false},"excerpt":{"rendered":"<p>[vc_row full_width=&#8221;stretch_row_content_no_spaces&#8221; css=&#8221;.vc_custom_1677100524850{margin-top: -1% !important;margin-bottom: -105px !important;background-image: url(http:\/\/www.estremar.com\/wp-content\/uploads\/2022\/08\/imagenD2.jpg?id=248) !important;}&#8221;][vc_column][vc_empty_space height=&#8221;300px&#8221;][vc_custom_heading text=&#8221;Hacemos posible un futuro sustentable&#8221; font_container=&#8221;tag:h2|font_size:34|text_align:center|color:%23ffffff&#8221; google_fonts=&#8221;font_family:Didact%20Gothic%3Aregular|font_style:400%20regular%3A400%3Anormal&#8221;][vc_single_image image=&#8221;11646&#8243; img_size=&#8221;full&#8221; alignment=&#8221;center&#8221;][vc_empty_space height=&#8221;392px&#8221;][\/vc_column][\/vc_row][vc_row full_width=&#8221;stretch_row_content_no_spaces&#8221; css=&#8221;.vc_custom_1677100553397{margin-top: -4% !important;padding-top: 1% !important;padding-bottom: 8% !important;background-color: #00608f !important;}&#8221; el_id=&#8221;quienes&#8221;][vc_column width=&#8221;1\/6&#8243;][\/vc_column][vc_column width=&#8221;2\/3&#8243;][vc_custom_heading text=&#8221;Una compa\u00f1\u00eda pesquera Argentina l\u00edder&#8221; font_container=&#8221;tag:h2|font_size:34|text_align:center|color:%23ffffff&#8221; google_fonts=&#8221;font_family:Didact%20Gothic%3Aregular|font_style:400%20regular%3A400%3Anormal&#8221;][vc_custom_heading text=&#8221;Estremar es una de las m\u00e1s grandes compa\u00f1\u00edas pesqueras en Argentina. Somos proveedores l\u00edderes [&hellip;]<\/p>\n","protected":false},"author":1,"featured_media":0,"parent":0,"menu_order":0,"comment_status":"closed","ping_status":"closed","template":"","meta":{"footnotes":""},"class_list":["post-2","page","type-page","status-publish","hentry","entry"],"_links":{"self":[{"href":"https:\/\/www.estremar.com\/index.php\/wp-json\/wp\/v2\/pages\/2","targetHints":{"allow":["GET"]}}],"collection":[{"href":"https:\/\/www.estremar.com\/index.php\/wp-json\/wp\/v2\/pages"}],"about":[{"href":"https:\/\/www.estremar.com\/index.php\/wp-json\/wp\/v2\/types\/page"}],"author":[{"embeddable":true,"href":"https:\/\/www.estremar.com\/index.php\/wp-json\/wp\/v2\/users\/1"}],"replies":[{"embeddable":true,"href":"https:\/\/www.estremar.com\/index.php\/wp-json\/wp\/v2\/comments?post=2"}],"version-history":[{"count":7,"href":"https:\/\/www.estremar.com\/index.php\/wp-json\/wp\/v2\/pages\/2\/revisions"}],"predecessor-version":[{"id":11647,"href":"https:\/\/www.estremar.com\/index.php\/wp-json\/wp\/v2\/pages\/2\/revisions\/11647"}],"wp:attachment":[{"href":"https:\/\/www.estremar.com\/index.php\/wp-json\/wp\/v2\/media?parent=2"}],"curies":[{"name":"wp","href":"https:\/\/api.w.org\/{rel}","templated":true}]}}